{"id":64,"date":"2022-05-15T23:49:14","date_gmt":"2022-05-15T23:49:14","guid":{"rendered":"https:\/\/kerimelegance.com\/?post_type=product&#038;p=64"},"modified":"2026-01-02T15:15:21","modified_gmt":"2026-01-02T15:15:21","slug":"chemise-africa-_-collection-ileemi","status":"publish","type":"product","link":"https:\/\/kerimelegance.com\/index.php\/product\/chemise-africa-_-collection-ileemi\/","title":{"rendered":"Chemise Africa _ Collection \u00ceL\u00c9\u00c9MI"},"content":{"rendered":"<p>Chemise Africa _ Collection \u00ceL\u00c9\u00c9MI<\/p>\n","protected":false},"excerpt":{"rendered":"[video width=\"640\" height=\"352\" mp4=\"https:\/\/kerimelegance.com\/wp-content\/uploads\/2022\/05\/VID-20220111-WA0019.mp4\"][\/video]\n","protected":false},"featured_media":286,"comment_status":"open","ping_status":"closed","template":"","meta":{"om_disable_all_campaigns":false,"_monsterinsights_skip_tracking":false,"_monsterinsights_sitenote_active":false,"_monsterinsights_sitenote_note":"","_monsterinsights_sitenote_category":0},"product_brand":[],"product_cat":[19],"product_tag":[],"class_list":{"0":"post-64","1":"product","2":"type-product","3":"status-publish","4":"has-post-thumbnail","6":"product_cat-shirt","8":"first","9":"instock","10":"shipping-taxable","11":"purchasable","12":"product-type-simple"},"aioseo_notices":[],"jetpack_sharing_enabled":true,"_links":{"self":[{"href":"https:\/\/kerimelegance.com\/index.php\/wp-json\/wp\/v2\/product\/64","targetHints":{"allow":["GET"]}}],"collection":[{"href":"https:\/\/kerimelegance.com\/index.php\/wp-json\/wp\/v2\/product"}],"about":[{"href":"https:\/\/kerimelegance.com\/index.php\/wp-json\/wp\/v2\/types\/product"}],"replies":[{"embeddable":true,"href":"https:\/\/kerimelegance.com\/index.php\/wp-json\/wp\/v2\/comments?post=64"}],"wp:featuredmedia":[{"embeddable":true,"href":"https:\/\/kerimelegance.com\/index.php\/wp-json\/wp\/v2\/media\/286"}],"wp:attachment":[{"href":"https:\/\/kerimelegance.com\/index.php\/wp-json\/wp\/v2\/media?parent=64"}],"wp:term":[{"taxonomy":"product_brand","embeddable":true,"href":"https:\/\/kerimelegance.com\/index.php\/wp-json\/wp\/v2\/product_brand?post=64"},{"taxonomy":"product_cat","embeddable":true,"href":"https:\/\/kerimelegance.com\/index.php\/wp-json\/wp\/v2\/product_cat?post=64"},{"taxonomy":"product_tag","embeddable":true,"href":"https:\/\/kerimelegance.com\/index.php\/wp-json\/wp\/v2\/product_tag?post=64"}],"curies":[{"name":"wp","href":"https:\/\/api.w.org\/{rel}","templated":true}]}}